{"id":592,"date":"2025-10-08T20:57:55","date_gmt":"2025-10-08T20:57:55","guid":{"rendered":"https:\/\/lasoledadparroquia.org\/?post_type=product&#038;p=592"},"modified":"2025-10-08T21:24:47","modified_gmt":"2025-10-08T21:24:47","slug":"sacramento-del-bautismo","status":"publish","type":"product","link":"https:\/\/lasoledadparroquia.org\/?product=sacramento-del-bautismo","title":{"rendered":"Sacramento del Bautismo"},"content":{"rendered":"<h3 data-start=\"1052\" data-end=\"1089\">\ud83e\uddfe <strong data-start=\"1059\" data-end=\"1089\">Requisitos para el Bautizo<\/strong><\/h3>\n<p data-start=\"1090\" data-end=\"1187\">Para realizar el Bautismo, se debe presentar la siguiente documentaci\u00f3n en la oficina parroquial:<\/p>\n<ol data-start=\"1189\" data-end=\"1642\">\n<li data-start=\"1189\" data-end=\"1248\">\n<p data-start=\"1192\" data-end=\"1248\"><strong data-start=\"1192\" data-end=\"1226\">Acta de nacimiento del ni\u00f1o(a)<\/strong> (original y copia).<\/p>\n<\/li>\n<li data-start=\"1249\" data-end=\"1355\">\n<p data-start=\"1252\" data-end=\"1355\"><strong data-start=\"1252\" data-end=\"1302\">Constancia actualizada de matrimonio religioso<\/strong> de los padrinos (si est\u00e1n casados por la Iglesia).<\/p>\n<\/li>\n<li data-start=\"1356\" data-end=\"1488\">\n<p data-start=\"1359\" data-end=\"1413\">Si los padrinos son <strong data-start=\"1379\" data-end=\"1391\">solteros<\/strong>, deber\u00e1n presentar:<\/p>\n<ul data-start=\"1417\" data-end=\"1488\">\n<li data-start=\"1417\" data-end=\"1449\">\n<p data-start=\"1419\" data-end=\"1449\">Acta de nacimiento reciente.<\/p>\n<\/li>\n<li data-start=\"1453\" data-end=\"1488\">\n<p data-start=\"1455\" data-end=\"1488\">Boleta actualizada de bautismo.<\/p>\n<\/li>\n<\/ul>\n<\/li>\n<li data-start=\"1489\" data-end=\"1553\">\n<p data-start=\"1492\" data-end=\"1553\"><strong data-start=\"1492\" data-end=\"1528\">Asistir a la pl\u00e1tica obligatoria<\/strong> para pap\u00e1s y padrinos.<\/p>\n<\/li>\n<li data-start=\"1554\" data-end=\"1642\">\n<p data-start=\"1557\" data-end=\"1642\">Entregar la <strong data-start=\"1569\" data-end=\"1591\">papeler\u00eda completa<\/strong> al menos una semana antes de la fecha del bautizo.<\/p>\n<\/li>\n<\/ol>\n<h3 data-start=\"1649\" data-end=\"1690\">\ud83d\udd4a\ufe0f <strong data-start=\"1657\" data-end=\"1690\">Pl\u00e1tica para pap\u00e1s y padrinos<\/strong><\/h3>\n<p data-start=\"1691\" data-end=\"1962\">La pl\u00e1tica tiene como prop\u00f3sito reflexionar sobre el significado del Bautismo y el compromiso de educar al ni\u00f1o en la fe cat\u00f3lica.<br data-start=\"1821\" data-end=\"1824\" \/>\ud83d\udcc5 Se realiza previo al sacramento.<br data-start=\"1859\" data-end=\"1862\" \/>\ud83d\udccd Consultar fechas disponibles en la oficina parroquial.<br data-start=\"1919\" data-end=\"1922\" \/>\u23f0 Duraci\u00f3n aproximada: 1 hora y media.<\/p>\n<blockquote data-start=\"1963\" data-end=\"2022\">\n<p data-start=\"1965\" data-end=\"2022\">Es indispensable asistir para poder celebrar el Bautismo.<\/p>\n<\/blockquote>\n<h3 data-start=\"2029\" data-end=\"2050\">\u2764\ufe0f <strong data-start=\"2036\" data-end=\"2050\">Importante<\/strong><\/h3>\n<blockquote data-start=\"2051\" data-end=\"2324\">\n<p data-start=\"2053\" data-end=\"2324\">Los padrinos deben ser <strong data-start=\"2076\" data-end=\"2102\">cat\u00f3licos practicantes<\/strong>, haber recibido los sacramentos de <strong data-start=\"2138\" data-end=\"2177\">Bautismo, Confirmaci\u00f3n y Eucarist\u00eda<\/strong>, y, si viven en pareja, estar <strong data-start=\"2208\" data-end=\"2234\">casados por la Iglesia<\/strong>.<br data-start=\"2235\" data-end=\"2238\" \/>Su papel es acompa\u00f1ar al ahijado en su vida de fe y dar testimonio del amor de Dios.<\/p>\n<\/blockquote>\n<h3 data-start=\"2331\" data-end=\"2361\">\ud83d\udd70\ufe0f <strong data-start=\"2339\" data-end=\"2361\">Oficina Parroquial<\/strong><\/h3>\n<p data-start=\"2362\" data-end=\"2546\">\ud83d\udccd Tenochtitlan 400, Rinc\u00f3n de las Mitras, Santa Catarina, N.L.<br data-start=\"2425\" data-end=\"2428\" \/>\ud83d\udcde 81 2510 4783<br data-start=\"2443\" data-end=\"2446\" \/>\ud83d\udd58 Lunes a Viernes: 9:00 a.m. \u2013 1:00 p.m. \/ 3:00 p.m. \u2013 7:00 p.m.<br data-start=\"2511\" data-end=\"2514\" \/>\ud83d\udd58 S\u00e1bado: 9:00 a.m. \u2013 1:00 p.m.<\/p>\n","protected":false},"excerpt":{"rendered":"<h3 data-start=\"399\" data-end=\"440\">\u271d\ufe0f <strong data-start=\"406\" data-end=\"440\">El inicio de la vida en Cristo<\/strong><\/h3>\n<p data-start=\"441\" data-end=\"798\">El Bautismo es el primer sacramento de iniciaci\u00f3n cristiana y el momento en que somos incorporados a la Iglesia Cat\u00f3lica, hijos de Dios y miembros de la comunidad de fe.<br data-start=\"610\" data-end=\"613\" \/>En la <strong data-start=\"619\" data-end=\"661\">Parroquia Nuestra Se\u00f1ora de la Soledad<\/strong>, celebramos con gozo este encuentro con el Se\u00f1or, donde los padres y padrinos se comprometen a guiar al ni\u00f1o en el camino del Evangelio.<\/p>\n<h3 data-start=\"805\" data-end=\"835\">\ud83d\udcc5 <strong data-start=\"812\" data-end=\"835\">Horarios de Bautizo<\/strong><\/h3>\n<p data-start=\"836\" data-end=\"929\">\ud83d\udccd <em data-start=\"839\" data-end=\"887\">Templo Parroquial Nuestra Se\u00f1ora de la Soledad<\/em><br data-start=\"887\" data-end=\"890\" \/>\ud83d\udd5b <em data-start=\"893\" data-end=\"927\">S\u00e1bados a las 12:00 del mediod\u00eda<\/em><\/p>\n<blockquote data-start=\"931\" data-end=\"1045\">\n<p data-start=\"933\" data-end=\"1045\">Se recomienda llegar 20 minutos antes para confirmar el registro y preparar la celebraci\u00f3n con calma y devoci\u00f3n.<\/p>\n<\/blockquote>\n","protected":false},"featured_media":598,"comment_status":"closed","ping_status":"closed","template":"","meta":{"give_campaign_id":0},"product_brand":[],"product_cat":[27],"product_tag":[],"class_list":{"0":"post-592","1":"product","2":"type-product","3":"status-publish","4":"has-post-thumbnail","6":"product_cat-servicios","8":"first","9":"onbackorder","10":"shipping-taxable","11":"product-type-simple"},"_links":{"self":[{"href":"https:\/\/lasoledadparroquia.org\/index.php?rest_route=\/wp\/v2\/product\/592","targetHints":{"allow":["GET"]}}],"collection":[{"href":"https:\/\/lasoledadparroquia.org\/index.php?rest_route=\/wp\/v2\/product"}],"about":[{"href":"https:\/\/lasoledadparroquia.org\/index.php?rest_route=\/wp\/v2\/types\/product"}],"replies":[{"embeddable":true,"href":"https:\/\/lasoledadparroquia.org\/index.php?rest_route=%2Fwp%2Fv2%2Fcomments&post=592"}],"wp:featuredmedia":[{"embeddable":true,"href":"https:\/\/lasoledadparroquia.org\/index.php?rest_route=\/wp\/v2\/media\/598"}],"wp:attachment":[{"href":"https:\/\/lasoledadparroquia.org\/index.php?rest_route=%2Fwp%2Fv2%2Fmedia&parent=592"}],"wp:term":[{"taxonomy":"product_brand","embeddable":true,"href":"https:\/\/lasoledadparroquia.org\/index.php?rest_route=%2Fwp%2Fv2%2Fproduct_brand&post=592"},{"taxonomy":"product_cat","embeddable":true,"href":"https:\/\/lasoledadparroquia.org\/index.php?rest_route=%2Fwp%2Fv2%2Fproduct_cat&post=592"},{"taxonomy":"product_tag","embeddable":true,"href":"https:\/\/lasoledadparroquia.org\/index.php?rest_route=%2Fwp%2Fv2%2Fproduct_tag&post=592"}],"curies":[{"name":"wp","href":"https:\/\/api.w.org\/{rel}","templated":true}]}}